{"id":37,"date":"2025-09-05T16:49:28","date_gmt":"2025-09-05T14:49:28","guid":{"rendered":"http:\/\/lalalaurence.com\/?page_id=37"},"modified":"2025-11-03T12:03:29","modified_gmt":"2025-11-03T11:03:29","slug":"sur-mesure","status":"publish","type":"page","link":"https:\/\/lalalaurence.com\/index.php\/sur-mesure\/","title":{"rendered":"Sur-Mesure"},"content":{"rendered":"\n<h2 class=\"wp-block-heading has-text-align-center\" style=\"font-size:25px\">Vous avez un projet personnalis\u00e9, \u00e0 la crois\u00e9e entre le tissu et le papier ?<\/h2>\n\n\n\n<h2 class=\"wp-block-heading has-text-align-center\" style=\"font-size:25px\">Vous souhaitez valoriser un joli tissu mais vous ne savez pas comment ?<\/h2>\n\n\n\n<h2 class=\"wp-block-heading has-text-align-center\" style=\"font-size:25px\">Vous avez une id\u00e9e cadeau sur-mesure pour un proche ?<\/h2>\n\n\n\n<p class=\"has-text-align-center has-text-color has-link-color wp-elements-620fa1602728dd74bb32915c6e1881d9\" style=\"color:#799d91;font-size:16px\"><strong>Bijoux, carnets, cartes, etc. Les possibilit\u00e9s sont nombreuses ! N&rsquo;h\u00e9sitez pas \u00e0 me contacter.<\/strong><\/p>\n\n\n\n<div class=\"wp-block-buttons is-content-justification-center is-layout-flex wp-container-core-buttons-is-layout-16018d1d wp-block-buttons-is-layout-flex\">\n<div class=\"wp-block-button\"><a class=\"wp-block-button__link has-text-align-center wp-element-button\" href=\"https:\/\/lalalaurence.com\/index.php\/contact\/\">Contactez-moi pour parler de votre projet<\/a><\/div>\n<\/div>\n\n\n\n<div style=\"height:36px\" aria-hidden=\"true\" class=\"wp-block-spacer\"><\/div>\n\n\n<div class=\"wp-block-image is-style-default\">\n<figure class=\"aligncenter size-large is-resized\"><img loading=\"lazy\" decoding=\"async\" width=\"1024\" height=\"577\" src=\"http:\/\/lalalaurence.com\/wp-content\/uploads\/2025\/09\/1757082837417-1024x577.jpg\" alt=\"Carnets en tissu avec une reliure japonaise, une reliure point long et une reliure copte\" class=\"wp-image-59\" style=\"object-fit:cover;width:614px;height:auto\" srcset=\"https:\/\/lalalaurence.com\/wp-content\/uploads\/2025\/09\/1757082837417-1024x577.jpg 1024w, https:\/\/lalalaurence.com\/wp-content\/uploads\/2025\/09\/1757082837417-300x169.jpg 300w, https:\/\/lalalaurence.com\/wp-content\/uploads\/2025\/09\/1757082837417-768x432.jpg 768w, https:\/\/lalalaurence.com\/wp-content\/uploads\/2025\/09\/1757082837417-1536x865.jpg 1536w, https:\/\/lalalaurence.com\/wp-content\/uploads\/2025\/09\/1757082837417-2048x1153.jpg 2048w, https:\/\/lalalaurence.com\/wp-content\/uploads\/2025\/09\/1757082837417-800x450.jpg 800w, https:\/\/lalalaurence.com\/wp-content\/uploads\/2025\/09\/1757082837417-1320x743.jpg 1320w, https:\/\/lalalaurence.com\/wp-content\/uploads\/2025\/09\/1757082837417-600x338.jpg 600w\" sizes=\"auto, (max-width: 1024px) 100vw, 1024px\" \/><\/figure>\n<\/div>\n\n\n<p><\/p>\n","protected":false},"excerpt":{"rendered":"<p>Vous avez un projet personnalis\u00e9, \u00e0 la crois\u00e9e entre le tissu et le papier ? Vous souhaitez valoriser un joli tissu mais vous ne savez pas comment ? Vous avez une id\u00e9e cadeau sur-mesure pour un proche ? Bijoux, carnets, cartes, etc. Les possibilit\u00e9s sont nombreuses ! N&rsquo;h\u00e9sitez pas \u00e0 me contacter.<\/p>\n","protected":false},"author":1,"featured_media":0,"parent":0,"menu_order":0,"comment_status":"closed","ping_status":"closed","template":"","meta":{"ocean_post_layout":"","ocean_both_sidebars_style":"","ocean_both_sidebars_content_width":0,"ocean_both_sidebars_sidebars_width":0,"ocean_sidebar":"","ocean_second_sidebar":"","ocean_disable_margins":"enable","ocean_add_body_class":"","ocean_shortcode_before_top_bar":"","ocean_shortcode_after_top_bar":"","ocean_shortcode_before_header":"","ocean_shortcode_after_header":"","ocean_has_shortcode":"","ocean_shortcode_after_title":"","ocean_shortcode_before_footer_widgets":"","ocean_shortcode_after_footer_widgets":"","ocean_shortcode_before_footer_bottom":"","ocean_shortcode_after_footer_bottom":"","ocean_display_top_bar":"default","ocean_display_header":"default","ocean_header_style":"","ocean_center_header_left_menu":"","ocean_custom_header_template":"","ocean_custom_logo":0,"ocean_custom_retina_logo":0,"ocean_custom_logo_max_width":0,"ocean_custom_logo_tablet_max_width":0,"ocean_custom_logo_mobile_max_width":0,"ocean_custom_logo_max_height":0,"ocean_custom_logo_tablet_max_height":0,"ocean_custom_logo_mobile_max_height":0,"ocean_header_custom_menu":"","ocean_menu_typo_font_family":"","ocean_menu_typo_font_subset":"","ocean_menu_typo_font_size":0,"ocean_menu_typo_font_size_tablet":0,"ocean_menu_typo_font_size_mobile":0,"ocean_menu_typo_font_size_unit":"px","ocean_menu_typo_font_weight":"","ocean_menu_typo_font_weight_tablet":"","ocean_menu_typo_font_weight_mobile":"","ocean_menu_typo_transform":"","ocean_menu_typo_transform_tablet":"","ocean_menu_typo_transform_mobile":"","ocean_menu_typo_line_height":0,"ocean_menu_typo_line_height_tablet":0,"ocean_menu_typo_line_height_mobile":0,"ocean_menu_typo_line_height_unit":"","ocean_menu_typo_spacing":0,"ocean_menu_typo_spacing_tablet":0,"ocean_menu_typo_spacing_mobile":0,"ocean_menu_typo_spacing_unit":"","ocean_menu_link_color":"","ocean_menu_link_color_hover":"","ocean_menu_link_color_active":"","ocean_menu_link_background":"","ocean_menu_link_hover_background":"","ocean_menu_link_active_background":"","ocean_menu_social_links_bg":"","ocean_menu_social_hover_links_bg":"","ocean_menu_social_links_color":"","ocean_menu_social_hover_links_color":"","ocean_disable_title":"default","ocean_disable_heading":"default","ocean_post_title":"","ocean_post_subheading":"","ocean_post_title_style":"","ocean_post_title_background_color":"","ocean_post_title_background":0,"ocean_post_title_bg_image_position":"","ocean_post_title_bg_image_attachment":"","ocean_post_title_bg_image_repeat":"","ocean_post_title_bg_image_size":"","ocean_post_title_height":0,"ocean_post_title_bg_overlay":0.5,"ocean_post_title_bg_overlay_color":"","ocean_disable_breadcrumbs":"default","ocean_breadcrumbs_color":"","ocean_breadcrumbs_separator_color":"","ocean_breadcrumbs_links_color":"","ocean_breadcrumbs_links_hover_color":"","ocean_display_footer_widgets":"default","ocean_display_footer_bottom":"default","ocean_custom_footer_template":"","footnotes":""},"class_list":["post-37","page","type-page","status-publish","hentry","entry","owp-thumbs-layout-horizontal","owp-btn-normal","owp-tabs-layout-horizontal","has-no-thumbnails","has-product-nav"],"jetpack_sharing_enabled":true,"_links":{"self":[{"href":"https:\/\/lalalaurence.com\/index.php\/wp-json\/wp\/v2\/pages\/37","targetHints":{"allow":["GET"]}}],"collection":[{"href":"https:\/\/lalalaurence.com\/index.php\/wp-json\/wp\/v2\/pages"}],"about":[{"href":"https:\/\/lalalaurence.com\/index.php\/wp-json\/wp\/v2\/types\/page"}],"author":[{"embeddable":true,"href":"https:\/\/lalalaurence.com\/index.php\/wp-json\/wp\/v2\/users\/1"}],"replies":[{"embeddable":true,"href":"https:\/\/lalalaurence.com\/index.php\/wp-json\/wp\/v2\/comments?post=37"}],"version-history":[{"count":17,"href":"https:\/\/lalalaurence.com\/index.php\/wp-json\/wp\/v2\/pages\/37\/revisions"}],"predecessor-version":[{"id":591,"href":"https:\/\/lalalaurence.com\/index.php\/wp-json\/wp\/v2\/pages\/37\/revisions\/591"}],"wp:attachment":[{"href":"https:\/\/lalalaurence.com\/index.php\/wp-json\/wp\/v2\/media?parent=37"}],"curies":[{"name":"wp","href":"https:\/\/api.w.org\/{rel}","templated":true}]}}