{"id":61,"date":"2025-09-05T17:54:08","date_gmt":"2025-09-05T15:54:08","guid":{"rendered":"http:\/\/lalalaurence.com\/?page_id=61"},"modified":"2025-11-28T15:41:19","modified_gmt":"2025-11-28T14:41:19","slug":"accueil","status":"publish","type":"page","link":"https:\/\/lalalaurence.com\/","title":{"rendered":"Bienvenue !"},"content":{"rendered":"\n<div class=\"wp-block-group\"><div class=\"wp-block-group__inner-container is-layout-constrained wp-block-group-is-layout-constrained\">\n<div class=\"wp-block-cover alignfull is-light wp-duotone-unset-1\" style=\"min-height:400px;aspect-ratio:unset;\"><img loading=\"lazy\" decoding=\"async\" width=\"1024\" height=\"577\" class=\"wp-block-cover__image-background wp-image-259 size-large\" alt=\"\" src=\"https:\/\/lalalaurence.com\/wp-content\/uploads\/2025\/09\/IMG_20250928_123216-1024x577.jpg\" data-object-fit=\"cover\" srcset=\"https:\/\/lalalaurence.com\/wp-content\/uploads\/2025\/09\/IMG_20250928_123216-1024x577.jpg 1024w, https:\/\/lalalaurence.com\/wp-content\/uploads\/2025\/09\/IMG_20250928_123216-300x169.jpg 300w, https:\/\/lalalaurence.com\/wp-content\/uploads\/2025\/09\/IMG_20250928_123216-768x432.jpg 768w, https:\/\/lalalaurence.com\/wp-content\/uploads\/2025\/09\/IMG_20250928_123216-1536x865.jpg 1536w, https:\/\/lalalaurence.com\/wp-content\/uploads\/2025\/09\/IMG_20250928_123216-2048x1153.jpg 2048w, https:\/\/lalalaurence.com\/wp-content\/uploads\/2025\/09\/IMG_20250928_123216-800x450.jpg 800w, https:\/\/lalalaurence.com\/wp-content\/uploads\/2025\/09\/IMG_20250928_123216-1320x743.jpg 1320w, https:\/\/lalalaurence.com\/wp-content\/uploads\/2025\/09\/IMG_20250928_123216-600x338.jpg 600w\" sizes=\"auto, (max-width: 1024px) 100vw, 1024px\" \/><span aria-hidden=\"true\" class=\"wp-block-cover__background has-background-dim-40 has-background-dim\" style=\"background-color:#999188\"><\/span><div class=\"wp-block-cover__inner-container is-layout-constrained wp-block-cover-is-layout-constrained\">\n<p class=\"has-text-align-center has-large-font-size\"><\/p>\n\n\n\n<div class=\"wp-block-group alignfull\"><div class=\"wp-block-group__inner-container is-layout-constrained wp-block-group-is-layout-constrained\">\n<h1 class=\"wp-block-heading has-text-align-center has-white-color has-text-color has-link-color wp-elements-e02e352173233cbb36caf79db928ff0e\" style=\"font-size:76px\"><strong>Lala Laurence<\/strong><\/h1>\n\n\n\n<p class=\"has-text-align-center has-white-color has-text-color has-link-color has-large-font-size wp-elements-d8129a59f801fe1583cd3c436cc0eca3\"><strong>Papier &amp; tissu inspir\u00e9s par la nature<\/strong><\/p>\n<\/div><\/div>\n\n\n\n<div class=\"wp-block-buttons is-content-justification-center is-layout-flex wp-container-core-buttons-is-layout-16018d1d wp-block-buttons-is-layout-flex\">\n<div class=\"wp-block-button\"><a class=\"wp-block-button__link wp-element-button\" href=\"https:\/\/lalalaurence.com\/index.php\/boutique\/\"><strong>Explorer la boutique<\/strong><\/a><\/div>\n<\/div>\n<\/div><\/div>\n<\/div><\/div>\n\n\n\n<div style=\"height:48px\" aria-hidden=\"true\" class=\"wp-block-spacer\"><\/div>\n\n\n\n<figure class=\"wp-block-gallery has-nested-images columns-4 is-cropped wp-block-gallery-2 is-layout-flex wp-block-gallery-is-layout-flex\">\n<figure class=\"wp-block-image size-large is-style-default\"><a href=\"https:\/\/lalalaurence.com\/index.php\/categorie-produit\/boucles-d-oreilles-en-tissu\/\"><img loading=\"lazy\" decoding=\"async\" width=\"683\" height=\"1024\" data-id=\"329\" src=\"https:\/\/lalalaurence.com\/wp-content\/uploads\/2025\/09\/IMG_6702-1-edited.jpg\" alt=\"\" class=\"wp-image-329\" srcset=\"https:\/\/lalalaurence.com\/wp-content\/uploads\/2025\/09\/IMG_6702-1-edited.jpg 683w, https:\/\/lalalaurence.com\/wp-content\/uploads\/2025\/09\/IMG_6702-1-edited-200x300.jpg 200w, https:\/\/lalalaurence.com\/wp-content\/uploads\/2025\/09\/IMG_6702-1-edited-600x900.jpg 600w\" sizes=\"auto, (max-width: 683px) 100vw, 683px\" \/><\/a><figcaption class=\"wp-element-caption\"><a href=\"https:\/\/lalalaurence.com\/index.php\/categorie-produit\/boucles-d-oreilles-en-tissu\/\">BOUCLES D&rsquo;OREILLES<\/a><\/figcaption><\/figure>\n\n\n\n<figure class=\"wp-block-image size-large\"><a href=\"https:\/\/lalalaurence.com\/index.php\/categorie-produit\/marque-pages-en-tissu\/\"><img loading=\"lazy\" decoding=\"async\" width=\"898\" height=\"1347\" data-id=\"336\" src=\"https:\/\/lalalaurence.com\/wp-content\/uploads\/2025\/09\/IMG_6681-edited-1.jpg\" alt=\"\" class=\"wp-image-336\" srcset=\"https:\/\/lalalaurence.com\/wp-content\/uploads\/2025\/09\/IMG_6681-edited-1.jpg 898w, https:\/\/lalalaurence.com\/wp-content\/uploads\/2025\/09\/IMG_6681-edited-1-200x300.jpg 200w, https:\/\/lalalaurence.com\/wp-content\/uploads\/2025\/09\/IMG_6681-edited-1-683x1024.jpg 683w, https:\/\/lalalaurence.com\/wp-content\/uploads\/2025\/09\/IMG_6681-edited-1-768x1152.jpg 768w, https:\/\/lalalaurence.com\/wp-content\/uploads\/2025\/09\/IMG_6681-edited-1-600x900.jpg 600w\" sizes=\"auto, (max-width: 898px) 100vw, 898px\" \/><\/a><figcaption class=\"wp-element-caption\"><a href=\"https:\/\/lalalaurence.com\/index.php\/categorie-produit\/marque-pages-en-tissu\/\">MARQUE-PAGES<\/a><\/figcaption><\/figure>\n\n\n\n<figure class=\"wp-block-image size-large is-style-default\"><a href=\"https:\/\/lalalaurence.com\/index.php\/categorie-produit\/cartes-en-tissu\/\"><img loading=\"lazy\" decoding=\"async\" width=\"683\" height=\"1024\" data-id=\"315\" src=\"https:\/\/lalalaurence.com\/wp-content\/uploads\/2025\/09\/IMG_6636-1-683x1024.jpg\" alt=\"\" class=\"wp-image-315\" srcset=\"https:\/\/lalalaurence.com\/wp-content\/uploads\/2025\/09\/IMG_6636-1-683x1024.jpg 683w, https:\/\/lalalaurence.com\/wp-content\/uploads\/2025\/09\/IMG_6636-1-200x300.jpg 200w, https:\/\/lalalaurence.com\/wp-content\/uploads\/2025\/09\/IMG_6636-1-768x1152.jpg 768w, https:\/\/lalalaurence.com\/wp-content\/uploads\/2025\/09\/IMG_6636-1-600x900.jpg 600w, https:\/\/lalalaurence.com\/wp-content\/uploads\/2025\/09\/IMG_6636-1.jpg 1024w\" sizes=\"auto, (max-width: 683px) 100vw, 683px\" \/><\/a><figcaption class=\"wp-element-caption\"><a href=\"https:\/\/lalalaurence.com\/index.php\/categorie-produit\/cartes-en-tissu\/\">CARTES<\/a><\/figcaption><\/figure>\n\n\n\n<figure class=\"wp-block-image size-large\"><a href=\"https:\/\/lalalaurence.com\/index.php\/categorie-produit\/carnets-en-tissu\/\"><img loading=\"lazy\" decoding=\"async\" width=\"683\" height=\"1024\" data-id=\"340\" src=\"https:\/\/lalalaurence.com\/wp-content\/uploads\/2025\/09\/IMG_6670-3-683x1024.jpg\" alt=\"\" class=\"wp-image-340\" srcset=\"https:\/\/lalalaurence.com\/wp-content\/uploads\/2025\/09\/IMG_6670-3-683x1024.jpg 683w, https:\/\/lalalaurence.com\/wp-content\/uploads\/2025\/09\/IMG_6670-3-200x300.jpg 200w, https:\/\/lalalaurence.com\/wp-content\/uploads\/2025\/09\/IMG_6670-3-768x1152.jpg 768w, https:\/\/lalalaurence.com\/wp-content\/uploads\/2025\/09\/IMG_6670-3-600x900.jpg 600w, https:\/\/lalalaurence.com\/wp-content\/uploads\/2025\/09\/IMG_6670-3.jpg 1024w\" sizes=\"auto, (max-width: 683px) 100vw, 683px\" \/><\/a><figcaption class=\"wp-element-caption\"><a href=\"https:\/\/lalalaurence.com\/index.php\/categorie-produit\/carnets-en-tissu\/\">CARNETS<\/a><\/figcaption><\/figure>\n<\/figure>\n\n\n\n<div class=\"wp-block-group\"><div class=\"wp-block-group__inner-container is-layout-constrained wp-block-group-is-layout-constrained\">\n<div class=\"wp-block-columns is-layout-flex wp-container-core-columns-is-layout-9d6595d7 wp-block-columns-is-layout-flex\">\n<div class=\"wp-block-column is-vertically-aligned-stretch is-layout-flow wp-block-column-is-layout-flow\" style=\"flex-basis:100%\">\n<div class=\"wp-block-group alignfull is-content-justification-center\" style=\"margin-top:0;margin-bottom:0;padding-top:calc( 0.5 * var(--wp--style--root--padding-right, var(--wp--custom--gap--horizontal)));padding-right:var(--wp--style--root--padding-right, var(--wp--custom--gap--horizontal));padding-bottom:calc( 0.5 * var(--wp--style--root--padding-right, var(--wp--custom--gap--horizontal)));padding-left:var(--wp--style--root--padding-left, var(--wp--custom--gap--horizontal))\"><div class=\"wp-block-group__inner-container is-layout-constrained wp-container-core-group-is-layout-b073b61b wp-block-group-is-layout-constrained\">\n<div style=\"height:calc( 0.25 * var(--wp--style--root--padding-right, var(--wp--custom--gap--horizontal)))\" aria-hidden=\"true\" class=\"wp-block-spacer\"><\/div>\n\n\n\n<div style=\"height:calc( 0.25 * var(--wp--style--root--padding-right, var(--wp--custom--gap--horizontal)))\" aria-hidden=\"true\" class=\"wp-block-spacer\"><\/div>\n<\/div><\/div>\n\n\n\n<div style=\"height:55px\" aria-hidden=\"true\" class=\"wp-block-spacer\"><\/div>\n<\/div>\n<\/div>\n<\/div><\/div>\n\n\n\n<div class=\"wp-block-group alignwide is-vertical is-content-justification-center is-layout-flex wp-container-core-group-is-layout-4b2eccd6 wp-block-group-is-layout-flex\">\n<div class=\"wp-block-media-text is-stacked-on-mobile is-vertically-aligned-center is-image-fill-element has-background\" style=\"background-color:#799d91;grid-template-columns:24% auto\"><figure class=\"wp-block-media-text__media\"><img loading=\"lazy\" decoding=\"async\" width=\"577\" height=\"1024\" src=\"https:\/\/lalalaurence.com\/wp-content\/uploads\/2025\/09\/1757083903628-1-577x1024.jpg\" alt=\"\" class=\"wp-image-288 size-full\" style=\"object-position:53% 20%\" srcset=\"https:\/\/lalalaurence.com\/wp-content\/uploads\/2025\/09\/1757083903628-1-577x1024.jpg 577w, https:\/\/lalalaurence.com\/wp-content\/uploads\/2025\/09\/1757083903628-1-169x300.jpg 169w, https:\/\/lalalaurence.com\/wp-content\/uploads\/2025\/09\/1757083903628-1-768x1362.jpg 768w, https:\/\/lalalaurence.com\/wp-content\/uploads\/2025\/09\/1757083903628-1-866x1536.jpg 866w, https:\/\/lalalaurence.com\/wp-content\/uploads\/2025\/09\/1757083903628-1-600x1064.jpg 600w, https:\/\/lalalaurence.com\/wp-content\/uploads\/2025\/09\/1757083903628-1.jpg 1024w\" sizes=\"auto, (max-width: 577px) 100vw, 577px\" \/><\/figure><div class=\"wp-block-media-text__content\">\n<p><\/p>\n\n\n\n<h1 class=\"wp-block-heading has-white-color has-text-color has-link-color wp-elements-ffa6653700ded6299c411f96df9b39ad\" style=\"font-size:28px\">Lala Laurence \u2013 l\u2019art de combiner papier et tissu avec po\u00e9sie<\/h1>\n\n\n\n<p class=\"has-text-align-left\" style=\"font-size:14px\">Je suis Laurence D\u00e9pr\u00e9aux, fondatrice de <strong>Lala Laurence<\/strong>, un atelier d\u2019artisanat d\u2019art install\u00e9 en pleine nature, au c\u0153ur de la <strong>Creuse<\/strong>.<\/p>\n\n\n\n<p>Dans mon atelier, j\u2019explore une id\u00e9e simple : <strong>valoriser des mati\u00e8res v\u00e9g\u00e9tales<\/strong> (tissu en coton, papier recycl\u00e9, papier kraft, carton, etc.) et leur redonner vie \u00e0 travers des cr\u00e9ations uniques. Mon univers marie <strong>douceur, d\u00e9licatesse et nature<\/strong> : bijoux tout en l\u00e9g\u00e8ret\u00e9, objets de papeterie chaleureux, d\u00e9corations po\u00e9tiques&#8230;<\/p>\n\n\n\n<p class=\"has-text-align-left\" style=\"font-size:14px\">D\u00e9couvrez une collection unique de cr\u00e9ations inspir\u00e9es de la nature, fabriqu\u00e9e avec amour et respect de l&rsquo;environnement.<\/p>\n\n\n\n<div class=\"wp-block-buttons alignwide is-content-justification-center is-layout-flex wp-container-core-buttons-is-layout-16018d1d wp-block-buttons-is-layout-flex\">\n<div class=\"wp-block-button is-style-fill\"><a class=\"wp-block-button__link wp-element-button\" href=\"https:\/\/lalalaurence.com\/index.php\/qui-suis-je\/\">En savoir +<\/a><\/div>\n<\/div>\n\n\n\n<p><\/p>\n<\/div><\/div>\n<\/div>\n\n\n\n<div style=\"height:54px\" aria-hidden=\"true\" class=\"wp-block-spacer\"><\/div>\n\n\n\n<div class=\"wp-block-group alignfull is-content-justification-center\" style=\"margin-top:0;margin-bottom:0;padding-top:calc( 0.5 * var(--wp--style--root--padding-right, var(--wp--custom--gap--horizontal)));padding-right:var(--wp--style--root--padding-right, var(--wp--custom--gap--horizontal));padding-bottom:calc( 0.5 * var(--wp--style--root--padding-right, var(--wp--custom--gap--horizontal)));padding-left:var(--wp--style--root--padding-left, var(--wp--custom--gap--horizontal))\"><div class=\"wp-block-group__inner-container is-layout-constrained wp-container-core-group-is-layout-b073b61b wp-block-group-is-layout-constrained\">\n<div style=\"height:calc( 0.25 * var(--wp--style--root--padding-right, var(--wp--custom--gap--horizontal)))\" aria-hidden=\"true\" class=\"wp-block-spacer\"><\/div>\n<\/div><\/div>\n\n\n\n<div class=\"wp-block-columns are-vertically-aligned-center is-layout-flex wp-container-core-columns-is-layout-9d6595d7 wp-block-columns-is-layout-flex\">\n<div class=\"wp-block-column is-vertically-aligned-center is-layout-flow wp-block-column-is-layout-flow\">\n<div class=\"wp-block-media-text alignwide is-vertically-aligned-center\" style=\"grid-template-columns:30% auto\"><figure class=\"wp-block-media-text__media\"><img loading=\"lazy\" decoding=\"async\" width=\"270\" height=\"286\" src=\"http:\/\/lalalaurence.com\/wp-content\/uploads\/2025\/09\/Ampoule.png\" alt=\"\" class=\"wp-image-188 size-full\"\/><\/figure><div class=\"wp-block-media-text__content\">\n<p class=\"has-text-align-left\">Des cr\u00e9ations durables et responsables, dans une d\u00e9marche \u00e9cologique et d&rsquo;upcycling. <\/p>\n<\/div><\/div>\n<\/div>\n\n\n\n<div class=\"wp-block-column is-vertically-aligned-center is-layout-flow wp-block-column-is-layout-flow\">\n<div class=\"wp-block-media-text is-vertically-aligned-center\" style=\"grid-template-columns:30% auto\"><figure class=\"wp-block-media-text__media\"><img loading=\"lazy\" decoding=\"async\" width=\"266\" height=\"256\" src=\"http:\/\/lalalaurence.com\/wp-content\/uploads\/2025\/09\/Planete.png\" alt=\"\" class=\"wp-image-189 size-full\"\/><\/figure><div class=\"wp-block-media-text__content\">\n<p class=\"has-text-align-left\">Du fait main, made in Creuse, en privil\u00e9giant les ressources et approvisionnements proches de mon atelier.<\/p>\n<\/div><\/div>\n<\/div>\n\n\n\n<div class=\"wp-block-column is-vertically-aligned-center is-layout-flow wp-block-column-is-layout-flow\">\n<div class=\"wp-block-media-text is-vertically-aligned-center\" style=\"grid-template-columns:31% auto\"><figure class=\"wp-block-media-text__media\"><img loading=\"lazy\" decoding=\"async\" width=\"288\" height=\"269\" src=\"http:\/\/lalalaurence.com\/wp-content\/uploads\/2025\/09\/Arbres.png\" alt=\"\" class=\"wp-image-190 size-full\"\/><\/figure><div class=\"wp-block-media-text__content\">\n<p class=\"has-text-align-left\">Des mati\u00e8res v\u00e9g\u00e9tales (papier &amp; tissu) et des motifs valorisant la beaut\u00e9 de la nature (faune &amp; flore).<\/p>\n<\/div><\/div>\n<\/div>\n<\/div>\n\n\n\n<div style=\"height:60px\" aria-hidden=\"true\" class=\"wp-block-spacer\"><\/div>\n\n\n\n<div class=\"wp-block-group alignfull is-content-justification-center\" style=\"margin-top:0;margin-bottom:0;padding-top:calc( 0.5 * var(--wp--style--root--padding-right, var(--wp--custom--gap--horizontal)));padding-right:var(--wp--style--root--padding-right, var(--wp--custom--gap--horizontal));padding-bottom:calc( 0.5 * var(--wp--style--root--padding-right, var(--wp--custom--gap--horizontal)));padding-left:var(--wp--style--root--padding-left, var(--wp--custom--gap--horizontal))\"><div class=\"wp-block-group__inner-container is-layout-constrained wp-container-core-group-is-layout-b073b61b wp-block-group-is-layout-constrained\">\n<div style=\"height:calc( 0.25 * var(--wp--style--root--padding-right, var(--wp--custom--gap--horizontal)))\" aria-hidden=\"true\" class=\"wp-block-spacer\"><\/div>\n\n\n\n<div class=\"wp-block-group alignfull is-content-justification-center\" style=\"margin-top:0;margin-bottom:0;padding-top:calc( 0.5 * var(--wp--style--root--padding-right, var(--wp--custom--gap--horizontal)));padding-right:var(--wp--style--root--padding-right, var(--wp--custom--gap--horizontal));padding-bottom:calc( 0.5 * var(--wp--style--root--padding-right, var(--wp--custom--gap--horizontal)));padding-left:var(--wp--style--root--padding-left, var(--wp--custom--gap--horizontal))\"><div class=\"wp-block-group__inner-container is-layout-constrained wp-container-core-group-is-layout-b073b61b wp-block-group-is-layout-constrained\">\n<div style=\"height:calc( 0.25 * var(--wp--style--root--padding-right, var(--wp--custom--gap--horizontal)))\" aria-hidden=\"true\" class=\"wp-block-spacer\"><\/div>\n\n\n\n<div style=\"height:calc( 0.25 * var(--wp--style--root--padding-right, var(--wp--custom--gap--horizontal)))\" aria-hidden=\"true\" class=\"wp-block-spacer\"><\/div>\n<\/div><\/div>\n\n\n\n<div style=\"height:calc( 0.25 * var(--wp--style--root--padding-right, var(--wp--custom--gap--horizontal)))\" aria-hidden=\"true\" class=\"wp-block-spacer\"><\/div>\n<\/div><\/div>\n\n\n\n<div class=\"wp-block-group alignwide\"><div class=\"wp-block-group__inner-container is-layout-constrained wp-block-group-is-layout-constrained\">\n<div class=\"wp-block-media-text alignwide is-stacked-on-mobile\" style=\"grid-template-columns:29% auto\"><figure class=\"wp-block-media-text__media\"><img loading=\"lazy\" decoding=\"async\" width=\"819\" height=\"1024\" src=\"https:\/\/lalalaurence.com\/wp-content\/uploads\/2025\/10\/Collage-Instagram-819x1024.jpg\" alt=\"\" class=\"wp-image-407 size-full\" srcset=\"https:\/\/lalalaurence.com\/wp-content\/uploads\/2025\/10\/Collage-Instagram-819x1024.jpg 819w, https:\/\/lalalaurence.com\/wp-content\/uploads\/2025\/10\/Collage-Instagram-240x300.jpg 240w, https:\/\/lalalaurence.com\/wp-content\/uploads\/2025\/10\/Collage-Instagram-768x960.jpg 768w, https:\/\/lalalaurence.com\/wp-content\/uploads\/2025\/10\/Collage-Instagram-600x750.jpg 600w, https:\/\/lalalaurence.com\/wp-content\/uploads\/2025\/10\/Collage-Instagram.jpg 1080w\" sizes=\"auto, (max-width: 819px) 100vw, 819px\" \/><\/figure><div class=\"wp-block-media-text__content\">\n<h1 class=\"wp-block-heading has-text-align-center\">Suivez mes aventures !<\/h1>\n\n\n\n<p class=\"has-text-align-center\">Retrouvez-moi sur Instagram et sur Facebook<\/p>\n\n\n\n<div class=\"wp-block-buttons is-content-justification-center is-layout-flex wp-container-core-buttons-is-layout-16018d1d wp-block-buttons-is-layout-flex\">\n<div class=\"wp-block-button\"><a class=\"wp-block-button__link wp-element-button\" href=\"https:\/\/www.instagram.com\/atelier.lalalaurence\/\" target=\"_blank\" rel=\"noreferrer noopener\">Suivre sur Instagram<\/a><\/div>\n\n\n\n<div class=\"wp-block-button\"><a class=\"wp-block-button__link wp-element-button\" href=\"https:\/\/www.facebook.com\/people\/Atelier-Lala-Laurence\/61581835673278\/#\" target=\"_blank\" rel=\"noreferrer noopener\">Suivre sur Facebook<\/a><\/div>\n<\/div>\n\n\n\n<p class=\"has-text-align-center\"><\/p>\n<\/div><\/div>\n<\/div><\/div>\n\n\n\n<p><\/p>\n","protected":false},"excerpt":{"rendered":"<p>Lala Laurence \u2013 l\u2019art de combiner papier et tissu avec po\u00e9sie Je suis Laurence D\u00e9pr\u00e9aux, fondatrice de Lala Laurence, un atelier d\u2019artisanat d\u2019art install\u00e9 en pleine nature, au c\u0153ur de la Creuse. Dans mon atelier, j\u2019explore une id\u00e9e simple : valoriser des mati\u00e8res v\u00e9g\u00e9tales (tissu en coton, papier recycl\u00e9, papier kraft, carton, etc.) et leur [&hellip;]<\/p>\n","protected":false},"author":1,"featured_media":0,"parent":0,"menu_order":0,"comment_status":"closed","ping_status":"closed","template":"","meta":{"ocean_post_layout":"","ocean_both_sidebars_style":"","ocean_both_sidebars_content_width":0,"ocean_both_sidebars_sidebars_width":0,"ocean_sidebar":"","ocean_second_sidebar":"","ocean_disable_margins":"enable","ocean_add_body_class":"","ocean_shortcode_before_top_bar":"","ocean_shortcode_after_top_bar":"","ocean_shortcode_before_header":"","ocean_shortcode_after_header":"","ocean_has_shortcode":"","ocean_shortcode_after_title":"","ocean_shortcode_before_footer_widgets":"","ocean_shortcode_after_footer_widgets":"","ocean_shortcode_before_footer_bottom":"","ocean_shortcode_after_footer_bottom":"","ocean_display_top_bar":"default","ocean_display_header":"default","ocean_header_style":"","ocean_center_header_left_menu":"","ocean_custom_header_template":"","ocean_custom_logo":0,"ocean_custom_retina_logo":0,"ocean_custom_logo_max_width":0,"ocean_custom_logo_tablet_max_width":0,"ocean_custom_logo_mobile_max_width":0,"ocean_custom_logo_max_height":0,"ocean_custom_logo_tablet_max_height":0,"ocean_custom_logo_mobile_max_height":0,"ocean_header_custom_menu":"","ocean_menu_typo_font_family":"","ocean_menu_typo_font_subset":"","ocean_menu_typo_font_size":0,"ocean_menu_typo_font_size_tablet":0,"ocean_menu_typo_font_size_mobile":0,"ocean_menu_typo_font_size_unit":"px","ocean_menu_typo_font_weight":"","ocean_menu_typo_font_weight_tablet":"","ocean_menu_typo_font_weight_mobile":"","ocean_menu_typo_transform":"","ocean_menu_typo_transform_tablet":"","ocean_menu_typo_transform_mobile":"","ocean_menu_typo_line_height":0,"ocean_menu_typo_line_height_tablet":0,"ocean_menu_typo_line_height_mobile":0,"ocean_menu_typo_line_height_unit":"","ocean_menu_typo_spacing":0,"ocean_menu_typo_spacing_tablet":0,"ocean_menu_typo_spacing_mobile":0,"ocean_menu_typo_spacing_unit":"","ocean_menu_link_color":"","ocean_menu_link_color_hover":"","ocean_menu_link_color_active":"","ocean_menu_link_background":"","ocean_menu_link_hover_background":"","ocean_menu_link_active_background":"","ocean_menu_social_links_bg":"","ocean_menu_social_hover_links_bg":"","ocean_menu_social_links_color":"","ocean_menu_social_hover_links_color":"","ocean_disable_title":"default","ocean_disable_heading":"default","ocean_post_title":"","ocean_post_subheading":"","ocean_post_title_style":"","ocean_post_title_background_color":"","ocean_post_title_background":0,"ocean_post_title_bg_image_position":"","ocean_post_title_bg_image_attachment":"","ocean_post_title_bg_image_repeat":"","ocean_post_title_bg_image_size":"","ocean_post_title_height":0,"ocean_post_title_bg_overlay":0.5,"ocean_post_title_bg_overlay_color":"","ocean_disable_breadcrumbs":"default","ocean_breadcrumbs_color":"","ocean_breadcrumbs_separator_color":"","ocean_breadcrumbs_links_color":"","ocean_breadcrumbs_links_hover_color":"","ocean_display_footer_widgets":"default","ocean_display_footer_bottom":"default","ocean_custom_footer_template":"","footnotes":""},"class_list":["post-61","page","type-page","status-publish","hentry","entry","owp-thumbs-layout-horizontal","owp-btn-normal","owp-tabs-layout-horizontal","has-no-thumbnails","has-product-nav"],"jetpack_sharing_enabled":true,"_links":{"self":[{"href":"https:\/\/lalalaurence.com\/index.php\/wp-json\/wp\/v2\/pages\/61","targetHints":{"allow":["GET"]}}],"collection":[{"href":"https:\/\/lalalaurence.com\/index.php\/wp-json\/wp\/v2\/pages"}],"about":[{"href":"https:\/\/lalalaurence.com\/index.php\/wp-json\/wp\/v2\/types\/page"}],"author":[{"embeddable":true,"href":"https:\/\/lalalaurence.com\/index.php\/wp-json\/wp\/v2\/users\/1"}],"replies":[{"embeddable":true,"href":"https:\/\/lalalaurence.com\/index.php\/wp-json\/wp\/v2\/comments?post=61"}],"version-history":[{"count":214,"href":"https:\/\/lalalaurence.com\/index.php\/wp-json\/wp\/v2\/pages\/61\/revisions"}],"predecessor-version":[{"id":855,"href":"https:\/\/lalalaurence.com\/index.php\/wp-json\/wp\/v2\/pages\/61\/revisions\/855"}],"wp:attachment":[{"href":"https:\/\/lalalaurence.com\/index.php\/wp-json\/wp\/v2\/media?parent=61"}],"curies":[{"name":"wp","href":"https:\/\/api.w.org\/{rel}","templated":true}]}}