{"id":612,"date":"2025-11-28T15:08:54","date_gmt":"2025-11-28T14:08:54","guid":{"rendered":"https:\/\/lalalaurence.com\/?post_type=product&#038;p=612"},"modified":"2026-02-17T17:20:21","modified_gmt":"2026-02-17T16:20:21","slug":"carnet-en-tissu-et-reliure-copte-les-amandiers","status":"publish","type":"product","link":"https:\/\/lalalaurence.com\/index.php\/produit\/carnet-en-tissu-et-reliure-copte-les-amandiers\/","title":{"rendered":"Carnet en tissu et reliure copte \u00ab\u00a0Les Amandiers\u00a0\u00bb"},"content":{"rendered":"<ul data-start=\"1503\" data-end=\"2003\">\n<li data-start=\"1503\" data-end=\"1522\">\n<p data-start=\"1505\" data-end=\"1522\"><strong data-start=\"1505\" data-end=\"1517\">Format :<\/strong> A6<\/p>\n<\/li>\n<li data-start=\"1523\" data-end=\"1557\">\n<p data-start=\"1525\" data-end=\"1557\"><strong data-start=\"1525\" data-end=\"1546\">Nombre de pages :<\/strong> 72 pages<\/p>\n<\/li>\n<li data-start=\"1558\" data-end=\"1636\">\n<p data-start=\"1560\" data-end=\"1636\"><strong data-start=\"1560\" data-end=\"1582\">Papier int\u00e9rieur :<\/strong> papier recycl\u00e9 Natura 120 g\/m2 avec inclusions v\u00e9g\u00e9tales discr\u00e8tes<\/p>\n<\/li>\n<li data-start=\"1637\" data-end=\"1714\">\n<p data-start=\"1639\" data-end=\"1714\"><strong data-start=\"1639\" data-end=\"1655\">Couverture :<\/strong> tissu certifi\u00e9 Oeko-Tex (sans substances nocives ou dangereuses pour la peau)<\/p>\n<\/li>\n<li data-start=\"1715\" data-end=\"1769\">\n<p data-start=\"1717\" data-end=\"1769\"><strong data-start=\"1717\" data-end=\"1730\">Reliure :<\/strong> reliure copte artisanale. Couleur du fil variable selon les cr\u00e9ations.<\/p>\n<\/li>\n<li data-start=\"1770\" data-end=\"1809\">\n<p data-start=\"1772\" data-end=\"1809\"><strong data-start=\"1772\" data-end=\"1787\">Ouverture :<\/strong> compl\u00e8tement \u00e0 plat<\/p>\n<\/li>\n<li data-start=\"1810\" data-end=\"1855\">\n<p data-start=\"1812\" data-end=\"1855\"><strong data-start=\"1812\" data-end=\"1829\">Fabrication :<\/strong> fait main, pi\u00e8ce unique<\/p>\n<\/li>\n<li data-start=\"1856\" data-end=\"1923\">\n<p data-start=\"1858\" data-end=\"1923\"><strong data-start=\"1858\" data-end=\"1869\">Motif :<\/strong> l\u00e9g\u00e8re variation possible selon la d\u00e9coupe du tissu<\/p>\n<\/li>\n<li data-start=\"1924\" data-end=\"2003\">\n<p data-start=\"1926\" data-end=\"2003\"><strong data-start=\"1926\" data-end=\"1938\">Usages :<\/strong> \u00e9criture, dessin, journal intime, prise de notes, carnet cr\u00e9atif, etc.<\/p>\n<\/li>\n<\/ul>\n<h2 data-start=\"1926\" data-end=\"2003\"><strong data-start=\"207\" data-end=\"236\">Zoom sur la reliure copte<\/strong><\/h2>\n<p data-start=\"238\" data-end=\"660\">La reliure copte est une m\u00e9thode de reliure ancestrale, apparue d\u00e8s le II\u1d49 si\u00e8cle chez les premiers chr\u00e9tiens d\u2019\u00c9gypte, les Coptes. Enti\u00e8rement r\u00e9alis\u00e9e sans colle, elle consiste \u00e0 assembler les cahiers du carnet gr\u00e2ce \u00e0 un tressage de fil apparent, solide et d\u00e9coratif. Chaque point est fait \u00e0 la main et s\u2019entrelace avec le suivant pour former une couture robuste qui devient un v\u00e9ritable \u00e9l\u00e9ment esth\u00e9tique.<\/p>\n<p data-start=\"662\" data-end=\"710\">Cette technique offre deux avantages majeurs : une ouverture enti\u00e8rement \u00e0 plat, id\u00e9ale pour \u00e9crire ou dessiner sans contrainte et une durabilit\u00e9 exceptionnelle, car la couture relie directement les pages entre elles sans pi\u00e8ce m\u00e9canique ni collage.<\/p>\n<h2>Pourquoi vous allez adorer ce carnet&#8230;<\/h2>\n<p data-start=\"1735\" data-end=\"1787\">\u2714 <strong data-start=\"1737\" data-end=\"1751\">\u00c9cologique<\/strong> : mat\u00e9riaux certifi\u00e9s et recycl\u00e9s<\/p>\n<p data-start=\"1790\" data-end=\"1838\">\u2714 <strong data-start=\"1792\" data-end=\"1805\">Artisanal<\/strong> : travail minutieux, fait main<\/p>\n<p data-start=\"1790\" data-end=\"1838\">\u2714 <strong data-start=\"1843\" data-end=\"1854\">Durable<\/strong> : reliure solide, tenue dans le temps<\/p>\n<p data-start=\"1908\" data-end=\"1964\">\u2714 <strong data-start=\"1910\" data-end=\"1922\">Pratique<\/strong> : ouverture \u00e0 plat parfaite pour \u00e9crire ou dessiner<\/p>\n<p data-start=\"1967\" data-end=\"2012\">\u2714 <strong data-start=\"1969\" data-end=\"1979\">Unique<\/strong> : aucun carnet n\u2019est identique<\/p>\n<p data-start=\"1967\" data-end=\"2012\">\u2714\u00a0<strong data-start=\"2017\" data-end=\"2031\">Petit format<\/strong> : compact et pratique au quotidien, \u00e0 la maison ou en d\u00e9placement<\/p>\n<h2 data-start=\"2093\" data-end=\"2107\"><strong data-start=\"2096\" data-end=\"2107\">\u00c0 noter<\/strong><\/h2>\n<p data-start=\"2109\" data-end=\"2296\">Le motif de la couverture peut varier l\u00e9g\u00e8rement en fonction du morceau de tissu utilis\u00e9. La couleur du fil de reliure peut varier, en fonction des choix faits lors de la confection artisanale. Chaque carnet pr\u00e9sente ainsi une finition unique et coh\u00e9rente avec son motif.<\/p>\n","protected":false},"excerpt":{"rendered":"<p data-start=\"280\" data-end=\"606\">Le carnet en tissu \u00ab Les Amandiers \u00bb est un carnet enti\u00e8rement fait main. Sa <strong data-start=\"414\" data-end=\"431\">reliure copte <\/strong>forme un joli <strong data-start=\"461\" data-end=\"496\">tressage apparent sur la tranche<\/strong> et permet une <strong data-start=\"511\" data-end=\"544\">ouverture compl\u00e8tement \u00e0 plat<\/strong>, id\u00e9ale pour \u00e9crire ou dessiner confortablement.<\/p>\n<p data-start=\"608\" data-end=\"911\">La couverture est confectionn\u00e9e \u00e0 partir d\u2019un <strong data-start=\"654\" data-end=\"681\">tissu certifi\u00e9 Oeko-Tex<\/strong>, agr\u00e9able au toucher et doux \u00e0 manipuler, tandis que les pages int\u00e9rieures sont compos\u00e9es d\u2019un <strong data-start=\"773\" data-end=\"798\">papier recycl\u00e9 Natura<\/strong>, ponctu\u00e9 de tr\u00e8s discr\u00e8tes inclusions de v\u00e9g\u00e9taux qui apportent\u00a0un charme naturel et unique \u00e0 chaque page.<\/p>\n<p data-start=\"913\" data-end=\"1049\">Le motif de la couverture peut l\u00e9g\u00e8rement varier en fonction de la d\u00e9coupe du tissu, ce qui rend chaque carnet <strong data-start=\"1024\" data-end=\"1048\">v\u00e9ritablement unique<\/strong>.<\/p>\n<p data-start=\"1051\" data-end=\"1201\">Un compagnon parfait pour les amoureux du papier, les artistes, les \u00e9crivains en herbe ou toute personne en qu\u00eate d\u2019un carnet \u00e9cologique et artisanal.<\/p>\n","protected":false},"featured_media":624,"comment_status":"open","ping_status":"closed","template":"","meta":{"ocean_post_layout":"full-width","ocean_both_sidebars_style":"","ocean_both_sidebars_content_width":0,"ocean_both_sidebars_sidebars_width":0,"ocean_sidebar":"0","ocean_second_sidebar":"0","ocean_disable_margins":"enable","ocean_add_body_class":"","ocean_shortcode_before_top_bar":"","ocean_shortcode_after_top_bar":"","ocean_shortcode_before_header":"","ocean_shortcode_after_header":"","ocean_has_shortcode":"","ocean_shortcode_after_title":"","ocean_shortcode_before_footer_widgets":"","ocean_shortcode_after_footer_widgets":"","ocean_shortcode_before_footer_bottom":"","ocean_shortcode_after_footer_bottom":"","ocean_display_top_bar":"default","ocean_display_header":"default","ocean_header_style":"","ocean_center_header_left_menu":"0","ocean_custom_header_template":"0","ocean_custom_logo":0,"ocean_custom_retina_logo":0,"ocean_custom_logo_max_width":0,"ocean_custom_logo_tablet_max_width":0,"ocean_custom_logo_mobile_max_width":0,"ocean_custom_logo_max_height":0,"ocean_custom_logo_tablet_max_height":0,"ocean_custom_logo_mobile_max_height":0,"ocean_header_custom_menu":"0","ocean_menu_typo_font_family":"0","ocean_menu_typo_font_subset":"","ocean_menu_typo_font_size":0,"ocean_menu_typo_font_size_tablet":0,"ocean_menu_typo_font_size_mobile":0,"ocean_menu_typo_font_size_unit":"px","ocean_menu_typo_font_weight":"","ocean_menu_typo_font_weight_tablet":"","ocean_menu_typo_font_weight_mobile":"","ocean_menu_typo_transform":"","ocean_menu_typo_transform_tablet":"","ocean_menu_typo_transform_mobile":"","ocean_menu_typo_line_height":0,"ocean_menu_typo_line_height_tablet":0,"ocean_menu_typo_line_height_mobile":0,"ocean_menu_typo_line_height_unit":"","ocean_menu_typo_spacing":0,"ocean_menu_typo_spacing_tablet":0,"ocean_menu_typo_spacing_mobile":0,"ocean_menu_typo_spacing_unit":"","ocean_menu_link_color":"","ocean_menu_link_color_hover":"","ocean_menu_link_color_active":"","ocean_menu_link_background":"","ocean_menu_link_hover_background":"","ocean_menu_link_active_background":"","ocean_menu_social_links_bg":"","ocean_menu_social_hover_links_bg":"","ocean_menu_social_links_color":"","ocean_menu_social_hover_links_color":"","ocean_disable_title":"default","ocean_disable_heading":"default","ocean_post_title":"","ocean_post_subheading":"","ocean_post_title_style":"","ocean_post_title_background_color":"","ocean_post_title_background":0,"ocean_post_title_bg_image_position":"","ocean_post_title_bg_image_attachment":"","ocean_post_title_bg_image_repeat":"","ocean_post_title_bg_image_size":"","ocean_post_title_height":0,"ocean_post_title_bg_overlay":0.5,"ocean_post_title_bg_overlay_color":"","ocean_disable_breadcrumbs":"default","ocean_breadcrumbs_color":"","ocean_breadcrumbs_separator_color":"","ocean_breadcrumbs_links_color":"","ocean_breadcrumbs_links_hover_color":"","ocean_display_footer_widgets":"default","ocean_display_footer_bottom":"default","ocean_custom_footer_template":"0"},"product_brand":[],"product_cat":[22],"product_tag":[],"class_list":{"0":"post-612","1":"product","2":"type-product","3":"status-publish","4":"has-post-thumbnail","6":"product_cat-carnets-en-tissu","7":"product_shipping_class-standard","9":"entry","10":"has-media","12":"first","13":"instock","14":"shipping-taxable","15":"purchasable","16":"product-type-simple","17":"has-product-nav","18":"col","19":"span_1_of_4","20":"owp-content-center","21":"owp-thumbs-layout-horizontal","22":"owp-btn-normal","23":"owp-tabs-layout-horizontal"},"jetpack_sharing_enabled":true,"_links":{"self":[{"href":"https:\/\/lalalaurence.com\/index.php\/wp-json\/wp\/v2\/product\/612","targetHints":{"allow":["GET"]}}],"collection":[{"href":"https:\/\/lalalaurence.com\/index.php\/wp-json\/wp\/v2\/product"}],"about":[{"href":"https:\/\/lalalaurence.com\/index.php\/wp-json\/wp\/v2\/types\/product"}],"replies":[{"embeddable":true,"href":"https:\/\/lalalaurence.com\/index.php\/wp-json\/wp\/v2\/comments?post=612"}],"wp:featuredmedia":[{"embeddable":true,"href":"https:\/\/lalalaurence.com\/index.php\/wp-json\/wp\/v2\/media\/624"}],"wp:attachment":[{"href":"https:\/\/lalalaurence.com\/index.php\/wp-json\/wp\/v2\/media?parent=612"}],"wp:term":[{"taxonomy":"product_brand","embeddable":true,"href":"https:\/\/lalalaurence.com\/index.php\/wp-json\/wp\/v2\/product_brand?post=612"},{"taxonomy":"product_cat","embeddable":true,"href":"https:\/\/lalalaurence.com\/index.php\/wp-json\/wp\/v2\/product_cat?post=612"},{"taxonomy":"product_tag","embeddable":true,"href":"https:\/\/lalalaurence.com\/index.php\/wp-json\/wp\/v2\/product_tag?post=612"}],"curies":[{"name":"wp","href":"https:\/\/api.w.org\/{rel}","templated":true}]}}