{"id":659,"date":"2025-11-28T15:10:59","date_gmt":"2025-11-28T14:10:59","guid":{"rendered":"https:\/\/lalalaurence.com\/?post_type=product&#038;p=659"},"modified":"2025-11-28T15:10:59","modified_gmt":"2025-11-28T14:10:59","slug":"marque-page-en-tissu-les-amandiers","status":"publish","type":"product","link":"https:\/\/lalalaurence.com\/index.php\/produit\/marque-page-en-tissu-les-amandiers\/","title":{"rendered":"Marque-page en tissu \u00ab\u00a0Les Amandiers\u00a0\u00bb"},"content":{"rendered":"<ul>\n<li><strong>Dimensions<\/strong> : environ 3 x 15 cm<\/li>\n<li><strong>Mat\u00e9riaux<\/strong> : papier \u00e9pais recouvert de tissu en coton Oeko-Tex au recto et de papier kraft pour la citation au verso<\/li>\n<li><strong>Verso<\/strong> : 1 citation surprise (parmi 4 mod\u00e8les)<\/li>\n<\/ul>\n<p>&nbsp;<\/p>\n<h2>Pourquoi vous allez adorer ce marque-page ?<\/h2>\n<ul>\n<li><strong data-start=\"796\" data-end=\"830\">Une cr\u00e9ation artisanale unique<\/strong> : chaque pi\u00e8ce est fabriqu\u00e9e \u00e0 la main avec soin<\/li>\n<li data-start=\"883\" data-end=\"982\"><strong data-start=\"888\" data-end=\"910\">Un verso inspirant<\/strong> : 4 citations diff\u00e9rentes autour de la lecture, attribu\u00e9es au hasard<\/li>\n<li><strong data-start=\"988\" data-end=\"1014\">Un marque-page durable<\/strong> : plut\u00f4t souple, agr\u00e9able au toucher et con\u00e7u pour accompagner toutes vos lectures<\/li>\n<li><strong data-start=\"1246\" data-end=\"1270\">Un tissu responsable<\/strong> : Bio ou certifi\u00e9 Oeko-Tex, pour un accessoire aussi joli qu\u2019\u00e9thique<\/li>\n<li><strong data-start=\"1099\" data-end=\"1124\">Une belle id\u00e9e cadeau<\/strong> : parfait pour les passionn\u00e9s de livres, les r\u00eaveurs et tous ceux qui aiment feuilleter des pages<\/li>\n<\/ul>\n","protected":false},"excerpt":{"rendered":"<p>Ajoutez une touche de douceur et de po\u00e9sie \u00e0 vos lectures avec ces marque-pages en tissu enti\u00e8rement faits main. Chaque pi\u00e8ce est r\u00e9alis\u00e9e \u00e0 partir d\u2019un carton fin recouvert d\u2019un tissu de qualit\u00e9, pour un marque-page au toucher doux qui viendra \u00e9gayer n\u2019importe quel livre.<\/p>\n<p>Pens\u00e9 pour durer, ce marque-page en tissu ne se froisse pas et ne marque pas vos pages. L\u00e9ger mais solide, il se glisse parfaitement dans un roman, un carnet ou un agenda. Une belle id\u00e9e cadeau pour les amoureux des livres.<\/p>\n<p>Le petit + : le verso du marque-page r\u00e9v\u00e8le une citation d\u00e9di\u00e9e \u00e0 la lecture. Le choix se fait au hasard lors de la pr\u00e9paration de votre commande : une petite surprise litt\u00e9raire gliss\u00e9e entre vos pages !<\/p>\n<p>Chaque marque-page est unique gr\u00e2ce au positionnement du tissu, qui peut l\u00e9g\u00e8rement varier d\u2019un mod\u00e8le \u00e0 l\u2019autre.<\/p>\n","protected":false},"featured_media":660,"comment_status":"open","ping_status":"closed","template":"","meta":{"ocean_post_layout":"full-width","ocean_both_sidebars_style":"","ocean_both_sidebars_content_width":0,"ocean_both_sidebars_sidebars_width":0,"ocean_sidebar":"0","ocean_second_sidebar":"0","ocean_disable_margins":"enable","ocean_add_body_class":"","ocean_shortcode_before_top_bar":"","ocean_shortcode_after_top_bar":"","ocean_shortcode_before_header":"","ocean_shortcode_after_header":"","ocean_has_shortcode":"","ocean_shortcode_after_title":"","ocean_shortcode_before_footer_widgets":"","ocean_shortcode_after_footer_widgets":"","ocean_shortcode_before_footer_bottom":"","ocean_shortcode_after_footer_bottom":"","ocean_display_top_bar":"default","ocean_display_header":"default","ocean_header_style":"","ocean_center_header_left_menu":"0","ocean_custom_header_template":"0","ocean_custom_logo":0,"ocean_custom_retina_logo":0,"ocean_custom_logo_max_width":0,"ocean_custom_logo_tablet_max_width":0,"ocean_custom_logo_mobile_max_width":0,"ocean_custom_logo_max_height":0,"ocean_custom_logo_tablet_max_height":0,"ocean_custom_logo_mobile_max_height":0,"ocean_header_custom_menu":"0","ocean_menu_typo_font_family":"0","ocean_menu_typo_font_subset":"","ocean_menu_typo_font_size":0,"ocean_menu_typo_font_size_tablet":0,"ocean_menu_typo_font_size_mobile":0,"ocean_menu_typo_font_size_unit":"px","ocean_menu_typo_font_weight":"","ocean_menu_typo_font_weight_tablet":"","ocean_menu_typo_font_weight_mobile":"","ocean_menu_typo_transform":"","ocean_menu_typo_transform_tablet":"","ocean_menu_typo_transform_mobile":"","ocean_menu_typo_line_height":0,"ocean_menu_typo_line_height_tablet":0,"ocean_menu_typo_line_height_mobile":0,"ocean_menu_typo_line_height_unit":"","ocean_menu_typo_spacing":0,"ocean_menu_typo_spacing_tablet":0,"ocean_menu_typo_spacing_mobile":0,"ocean_menu_typo_spacing_unit":"","ocean_menu_link_color":"","ocean_menu_link_color_hover":"","ocean_menu_link_color_active":"","ocean_menu_link_background":"","ocean_menu_link_hover_background":"","ocean_menu_link_active_background":"","ocean_menu_social_links_bg":"","ocean_menu_social_hover_links_bg":"","ocean_menu_social_links_color":"","ocean_menu_social_hover_links_color":"","ocean_disable_title":"default","ocean_disable_heading":"default","ocean_post_title":"","ocean_post_subheading":"","ocean_post_title_style":"","ocean_post_title_background_color":"","ocean_post_title_background":0,"ocean_post_title_bg_image_position":"","ocean_post_title_bg_image_attachment":"","ocean_post_title_bg_image_repeat":"","ocean_post_title_bg_image_size":"","ocean_post_title_height":0,"ocean_post_title_bg_overlay":0.5,"ocean_post_title_bg_overlay_color":"","ocean_disable_breadcrumbs":"default","ocean_breadcrumbs_color":"","ocean_breadcrumbs_separator_color":"","ocean_breadcrumbs_links_color":"","ocean_breadcrumbs_links_hover_color":"","ocean_display_footer_widgets":"default","ocean_display_footer_bottom":"default","ocean_custom_footer_template":"0"},"product_brand":[],"product_cat":[19],"product_tag":[],"class_list":{"0":"post-659","1":"product","2":"type-product","3":"status-publish","4":"has-post-thumbnail","6":"product_cat-marque-pages-en-tissu","7":"product_shipping_class-leger","9":"entry","10":"has-media","12":"first","13":"instock","14":"shipping-taxable","15":"purchasable","16":"product-type-simple","17":"has-product-nav","18":"col","19":"span_1_of_4","20":"owp-content-center","21":"owp-thumbs-layout-horizontal","22":"owp-btn-normal","23":"owp-tabs-layout-horizontal"},"jetpack_sharing_enabled":true,"_links":{"self":[{"href":"https:\/\/lalalaurence.com\/index.php\/wp-json\/wp\/v2\/product\/659","targetHints":{"allow":["GET"]}}],"collection":[{"href":"https:\/\/lalalaurence.com\/index.php\/wp-json\/wp\/v2\/product"}],"about":[{"href":"https:\/\/lalalaurence.com\/index.php\/wp-json\/wp\/v2\/types\/product"}],"replies":[{"embeddable":true,"href":"https:\/\/lalalaurence.com\/index.php\/wp-json\/wp\/v2\/comments?post=659"}],"wp:featuredmedia":[{"embeddable":true,"href":"https:\/\/lalalaurence.com\/index.php\/wp-json\/wp\/v2\/media\/660"}],"wp:attachment":[{"href":"https:\/\/lalalaurence.com\/index.php\/wp-json\/wp\/v2\/media?parent=659"}],"wp:term":[{"taxonomy":"product_brand","embeddable":true,"href":"https:\/\/lalalaurence.com\/index.php\/wp-json\/wp\/v2\/product_brand?post=659"},{"taxonomy":"product_cat","embeddable":true,"href":"https:\/\/lalalaurence.com\/index.php\/wp-json\/wp\/v2\/product_cat?post=659"},{"taxonomy":"product_tag","embeddable":true,"href":"https:\/\/lalalaurence.com\/index.php\/wp-json\/wp\/v2\/product_tag?post=659"}],"curies":[{"name":"wp","href":"https:\/\/api.w.org\/{rel}","templated":true}]}}