{"id":692,"date":"2025-11-28T15:08:54","date_gmt":"2025-11-28T14:08:54","guid":{"rendered":"https:\/\/lalalaurence.com\/?post_type=product&#038;p=692"},"modified":"2025-11-28T15:08:54","modified_gmt":"2025-11-28T14:08:54","slug":"boucles-doreilles-fleurs-exotiques","status":"publish","type":"product","link":"https:\/\/lalalaurence.com\/index.php\/produit\/boucles-doreilles-fleurs-exotiques\/","title":{"rendered":"Boucles d&rsquo;oreilles \u00ab\u00a0Fleurs exotiques\u00a0\u00bb"},"content":{"rendered":"<ul>\n<li data-start=\"978\" data-end=\"1011\">\n<p data-start=\"980\" data-end=\"1011\"><strong data-start=\"980\" data-end=\"994\">Diam\u00e8tre :<\/strong> environ 3,3 cm<\/p>\n<\/li>\n<li data-start=\"978\" data-end=\"1011\">\n<p data-start=\"980\" data-end=\"1011\"><strong data-start=\"1014\" data-end=\"1029\">Mat\u00e9riaux :\u00a0<\/strong>Tissu en coton biologique, papier cartonn\u00e9, crochets en Argent 925<\/p>\n<\/li>\n<li data-start=\"1097\" data-end=\"1140\">\n<p data-start=\"1099\" data-end=\"1140\"><strong data-start=\"1099\" data-end=\"1114\">Poids plume<\/strong> : tr\u00e8s l\u00e9g\u00e8res \u00e0 porter<\/p>\n<\/li>\n<li data-start=\"1141\" data-end=\"1171\">\n<p data-start=\"1143\" data-end=\"1171\"><strong data-start=\"1143\" data-end=\"1169\">Fabrication artisanale<\/strong><\/p>\n<\/li>\n<li data-start=\"1172\" data-end=\"1248\">\n<p data-start=\"1174\" data-end=\"1248\"><strong data-start=\"1174\" data-end=\"1190\">Motif unique<\/strong> : chaque paire est diff\u00e9rente selon la d\u00e9coupe du tissu<\/p>\n<\/li>\n<li data-start=\"1249\" data-end=\"1343\">\n<p data-start=\"1251\" data-end=\"1343\"><strong data-start=\"1251\" data-end=\"1275\">Pr\u00e9sentation soign\u00e9e<\/strong> : boucles d\u2019oreilles fournies sur un cartel comportant une citation<\/p>\n<\/li>\n<\/ul>\n<h2 data-start=\"1350\" data-end=\"1387\"><strong data-start=\"1353\" data-end=\"1387\">Pourquoi vous allez les adorer&#8230;<\/strong><\/h2>\n<ul data-start=\"1389\" data-end=\"1730\">\n<li data-start=\"1389\" data-end=\"1451\">\n<p data-start=\"1391\" data-end=\"1451\">Confortables et l\u00e9g\u00e8res pour \u00eatre port\u00e9es toute la journ\u00e9e<\/p>\n<\/li>\n<li data-start=\"1452\" data-end=\"1533\">\n<p data-start=\"1454\" data-end=\"1533\">Fabriqu\u00e9es \u00e0 partir de mat\u00e9riaux respectueux de la peau et de l\u2019environnement<\/p>\n<\/li>\n<li data-start=\"1534\" data-end=\"1575\">\n<p data-start=\"1536\" data-end=\"1575\">Un design original et po\u00e9tique<\/p>\n<\/li>\n<li data-start=\"1576\" data-end=\"1657\">\n<p data-start=\"1578\" data-end=\"1657\">Un cadeau parfait pour les amoureux des fleurs, de la nature et du fait-main<\/p>\n<\/li>\n<li data-start=\"1658\" data-end=\"1730\">\n<p data-start=\"1660\" data-end=\"1730\">Chaque paire est vraiment unique : aucune n\u2019est exactement identique !<\/p>\n<\/li>\n<\/ul>\n<h2 data-start=\"1737\" data-end=\"1759\"><strong data-start=\"1740\" data-end=\"1759\">Note importante<\/strong><\/h2>\n<p>Parce que chaque morceau de tissu est d\u00e9coup\u00e9 \u00e0 la main, les motifs varient l\u00e9g\u00e8rement d\u2019une paire \u00e0 l\u2019autre : chaque bijou est <strong data-start=\"1040\" data-end=\"1050\">unique<\/strong>, tout en restant fid\u00e8le au tissu choisi. Je veille toujours \u00e0 s\u00e9lectionner les zones les plus int\u00e9ressantes du tissu afin que chaque boucle soit harmonieuse et riche visuellement.<\/p>\n","protected":false},"excerpt":{"rendered":"<p data-start=\"331\" data-end=\"708\">Laissez-vous s\u00e9duire par les <strong data-start=\"360\" data-end=\"402\">boucles d\u2019oreilles en tissu \u00ab Fleurs exotiques \u00bb. <\/strong>Fabriqu\u00e9es avec soin dans un tissu de qualit\u00e9 en coton biologique, elles sont <strong data-start=\"417\" data-end=\"439\">agr\u00e9ables \u00e0 porter<\/strong>, douces au contact de la peau et suffisamment l\u00e9g\u00e8res pour se faire oublier\u2026 tout en attirant l\u2019\u0153il.<\/p>\n<p data-start=\"331\" data-end=\"708\">Elles r\u00e9v\u00e8lent un <strong data-start=\"559\" data-end=\"585\">motif de fleurs exotiques<\/strong><strong data-start=\"559\" data-end=\"585\">. <\/strong>Le placement dans le tissu varie d\u2019une paire \u00e0 l\u2019autre, ce qui rend chaque cr\u00e9ation unique.<\/p>\n<p data-start=\"710\" data-end=\"860\">Gr\u00e2ce \u00e0 leurs <strong data-start=\"724\" data-end=\"750\">crochets en Argent 925<\/strong>, elles sont hypoallerg\u00e9niques, agr\u00e9ables \u00e0 porter au quotidien et parfaites m\u00eame pour les oreilles sensibles.<\/p>\n<p data-start=\"710\" data-end=\"860\">Chaque paire est pr\u00e9sent\u00e9e sur un <strong data-start=\"523\" data-end=\"559\">cartel accompagn\u00e9 d\u2019une citation<\/strong>. Huit mod\u00e8les existent, choisis pour inspirer, faire sourire ou offrir un instant de douceur. La citation que vous recevrez est envoy\u00e9e <strong data-start=\"705\" data-end=\"718\">au hasard<\/strong>, comme un petit message surprise qui accompagne votre bijou.<\/p>\n","protected":false},"featured_media":675,"comment_status":"open","ping_status":"closed","template":"","meta":{"ocean_post_layout":"full-width","ocean_both_sidebars_style":"","ocean_both_sidebars_content_width":0,"ocean_both_sidebars_sidebars_width":0,"ocean_sidebar":"0","ocean_second_sidebar":"0","ocean_disable_margins":"enable","ocean_add_body_class":"","ocean_shortcode_before_top_bar":"","ocean_shortcode_after_top_bar":"","ocean_shortcode_before_header":"","ocean_shortcode_after_header":"","ocean_has_shortcode":"","ocean_shortcode_after_title":"","ocean_shortcode_before_footer_widgets":"","ocean_shortcode_after_footer_widgets":"","ocean_shortcode_before_footer_bottom":"","ocean_shortcode_after_footer_bottom":"","ocean_display_top_bar":"default","ocean_display_header":"default","ocean_header_style":"","ocean_center_header_left_menu":"0","ocean_custom_header_template":"0","ocean_custom_logo":0,"ocean_custom_retina_logo":0,"ocean_custom_logo_max_width":0,"ocean_custom_logo_tablet_max_width":0,"ocean_custom_logo_mobile_max_width":0,"ocean_custom_logo_max_height":0,"ocean_custom_logo_tablet_max_height":0,"ocean_custom_logo_mobile_max_height":0,"ocean_header_custom_menu":"0","ocean_menu_typo_font_family":"0","ocean_menu_typo_font_subset":"","ocean_menu_typo_font_size":0,"ocean_menu_typo_font_size_tablet":0,"ocean_menu_typo_font_size_mobile":0,"ocean_menu_typo_font_size_unit":"px","ocean_menu_typo_font_weight":"","ocean_menu_typo_font_weight_tablet":"","ocean_menu_typo_font_weight_mobile":"","ocean_menu_typo_transform":"","ocean_menu_typo_transform_tablet":"","ocean_menu_typo_transform_mobile":"","ocean_menu_typo_line_height":0,"ocean_menu_typo_line_height_tablet":0,"ocean_menu_typo_line_height_mobile":0,"ocean_menu_typo_line_height_unit":"","ocean_menu_typo_spacing":0,"ocean_menu_typo_spacing_tablet":0,"ocean_menu_typo_spacing_mobile":0,"ocean_menu_typo_spacing_unit":"","ocean_menu_link_color":"","ocean_menu_link_color_hover":"","ocean_menu_link_color_active":"","ocean_menu_link_background":"","ocean_menu_link_hover_background":"","ocean_menu_link_active_background":"","ocean_menu_social_links_bg":"","ocean_menu_social_hover_links_bg":"","ocean_menu_social_links_color":"","ocean_menu_social_hover_links_color":"","ocean_disable_title":"default","ocean_disable_heading":"default","ocean_post_title":"","ocean_post_subheading":"","ocean_post_title_style":"","ocean_post_title_background_color":"","ocean_post_title_background":0,"ocean_post_title_bg_image_position":"","ocean_post_title_bg_image_attachment":"","ocean_post_title_bg_image_repeat":"","ocean_post_title_bg_image_size":"","ocean_post_title_height":0,"ocean_post_title_bg_overlay":0.5,"ocean_post_title_bg_overlay_color":"","ocean_disable_breadcrumbs":"on","ocean_breadcrumbs_color":"","ocean_breadcrumbs_separator_color":"","ocean_breadcrumbs_links_color":"","ocean_breadcrumbs_links_hover_color":"#000000","ocean_display_footer_widgets":"default","ocean_display_footer_bottom":"default","ocean_custom_footer_template":"0"},"product_brand":[],"product_cat":[18],"product_tag":[],"class_list":{"0":"post-692","1":"product","2":"type-product","3":"status-publish","4":"has-post-thumbnail","6":"product_cat-boucles-d-oreilles-en-tissu","7":"product_shipping_class-leger","9":"entry","10":"has-media","12":"first","13":"instock","14":"shipping-taxable","15":"purchasable","16":"product-type-simple","17":"has-product-nav","18":"col","19":"span_1_of_4","20":"owp-content-center","21":"owp-thumbs-layout-horizontal","22":"owp-btn-normal","23":"owp-tabs-layout-horizontal","24":"has-no-thumbnails"},"jetpack_sharing_enabled":true,"_links":{"self":[{"href":"https:\/\/lalalaurence.com\/index.php\/wp-json\/wp\/v2\/product\/692","targetHints":{"allow":["GET"]}}],"collection":[{"href":"https:\/\/lalalaurence.com\/index.php\/wp-json\/wp\/v2\/product"}],"about":[{"href":"https:\/\/lalalaurence.com\/index.php\/wp-json\/wp\/v2\/types\/product"}],"replies":[{"embeddable":true,"href":"https:\/\/lalalaurence.com\/index.php\/wp-json\/wp\/v2\/comments?post=692"}],"wp:featuredmedia":[{"embeddable":true,"href":"https:\/\/lalalaurence.com\/index.php\/wp-json\/wp\/v2\/media\/675"}],"wp:attachment":[{"href":"https:\/\/lalalaurence.com\/index.php\/wp-json\/wp\/v2\/media?parent=692"}],"wp:term":[{"taxonomy":"product_brand","embeddable":true,"href":"https:\/\/lalalaurence.com\/index.php\/wp-json\/wp\/v2\/product_brand?post=692"},{"taxonomy":"product_cat","embeddable":true,"href":"https:\/\/lalalaurence.com\/index.php\/wp-json\/wp\/v2\/product_cat?post=692"},{"taxonomy":"product_tag","embeddable":true,"href":"https:\/\/lalalaurence.com\/index.php\/wp-json\/wp\/v2\/product_tag?post=692"}],"curies":[{"name":"wp","href":"https:\/\/api.w.org\/{rel}","templated":true}]}}