{"id":845,"date":"2026-02-23T11:33:37","date_gmt":"2026-02-23T10:33:37","guid":{"rendered":"https:\/\/lalalaurence.com\/?post_type=product&#038;p=845"},"modified":"2026-02-23T11:34:33","modified_gmt":"2026-02-23T10:34:33","slug":"carte-danniversaire-florale-rose","status":"publish","type":"product","link":"https:\/\/lalalaurence.com\/index.php\/produit\/carte-danniversaire-florale-rose\/","title":{"rendered":"Carte d&rsquo;anniversaire florale \u00ab\u00a0Rose\u00a0\u00bb"},"content":{"rendered":"<ul>\n<li data-start=\"1796\" data-end=\"1848\">\n<p data-start=\"1798\" data-end=\"1848\"><strong data-start=\"1801\" data-end=\"1813\">Format :<\/strong> A6 (carte double, pli\u00e9e en deux)<\/p>\n<\/li>\n<li data-start=\"1849\" data-end=\"1899\">\n<p data-start=\"1851\" data-end=\"1899\"><strong data-start=\"1854\" data-end=\"1866\">Inclus :<\/strong> 1 carte + 1 enveloppe assortie en kraft<\/p>\n<\/li>\n<li data-start=\"1900\" data-end=\"1938\">\n<p data-start=\"1902\" data-end=\"1938\"><strong>Mat\u00e9riaux :<\/strong> carte en papier kraft, rehauss\u00e9e d&rsquo;une pi\u00e8ce de tissu en coton, attache parisienne (les couleurs des attaches parisiennes varient d&rsquo;une carte \u00e0 l&rsquo;autre, selon l&rsquo;inspiration)<\/p>\n<\/li>\n<\/ul>\n<h2 data-start=\"1194\" data-end=\"1248\"><strong data-start=\"1197\" data-end=\"1248\">Pourquoi vous allez adorer ces cartes ?<\/strong><\/h2>\n<ul data-start=\"1249\" data-end=\"1766\">\n<li data-start=\"1249\" data-end=\"1367\">\n<p data-start=\"1251\" data-end=\"1367\"><strong data-start=\"1254\" data-end=\"1289\">Un design unique pour chaque carte<\/strong> : aucune carte n\u2019est identique, chacune est une petite cr\u00e9ation artisanale<\/p>\n<\/li>\n<li data-start=\"1249\" data-end=\"1367\">\n<p data-start=\"1251\" data-end=\"1367\"><strong data-start=\"1372\" data-end=\"1407\">Un m\u00e9lange de kraft et de tissu<\/strong> : l\u2019alliance du naturel et du textile apporte chaleur et douceur<\/p>\n<\/li>\n<li data-start=\"1476\" data-end=\"1564\">\n<p data-start=\"1478\" data-end=\"1564\"><strong data-start=\"1481\" data-end=\"1506\">Parfaites pour offrir<\/strong> : \u00e0 envoyer telle quelle ou en accompagnement d\u2019un cadeau<\/p>\n<\/li>\n<li data-start=\"1565\" data-end=\"1658\">\n<p data-start=\"1567\" data-end=\"1658\"><strong data-start=\"1570\" data-end=\"1590\">Pr\u00eates \u00e0 envoyer<\/strong> : fournies avec une enveloppe pour exp\u00e9dier ou offrir facilement<\/p>\n<\/li>\n<li data-start=\"1659\" data-end=\"1766\">\n<p data-start=\"1661\" data-end=\"1766\"><strong data-start=\"1664\" data-end=\"1688\">Un style authentique<\/strong> : id\u00e9al pour ceux qui aiment les objets faits main, po\u00e9tiques et originaux<\/p>\n<\/li>\n<\/ul>\n","protected":false},"excerpt":{"rendered":"<p data-start=\"308\" data-end=\"637\">Cette <strong data-start=\"312\" data-end=\"346\">carte d&rsquo;anniversaire en papier kraft<\/strong> apportera une touche chaleureuse et artisanale \u00e0 vos messages d&rsquo;anniversaire. Chaque carte est une <strong data-start=\"446\" data-end=\"462\">pi\u00e8ce unique<\/strong> : une d\u00e9coupe de tissu en forme de fleur est fix\u00e9e manuellement sur la carte imprim\u00e9e, gr\u00e2ce \u00e0 une petite attache parisienne. Le tissu en coton apporte une vraie sensation de douceur.<\/p>\n<p data-start=\"639\" data-end=\"943\">Ces cartes sont id\u00e9ales pour accompagner un cadeau ou \u00eatre utilis\u00e9e telle quelle pour faire plaisir \u00e0 la personne qui la re\u00e7oit.<\/p>\n<p data-start=\"945\" data-end=\"1187\">Le tissu, d\u00e9coup\u00e9 dans de jolis motifs, varie d\u2019une carte \u00e0 l\u2019autre : chaque exemplaire est donc <strong data-start=\"626\" data-end=\"645\">vraiment unique<\/strong>. Je veille cependant \u00e0 ce que chaque carte soit harmonieuse et riche visuellement.<\/p>\n<p data-start=\"945\" data-end=\"1187\">La carte est accompagn\u00e9e de son enveloppe assortie.<\/p>\n","protected":false},"featured_media":835,"comment_status":"open","ping_status":"closed","template":"","meta":{"ocean_post_layout":"full-width","ocean_both_sidebars_style":"","ocean_both_sidebars_content_width":0,"ocean_both_sidebars_sidebars_width":0,"ocean_sidebar":"0","ocean_second_sidebar":"0","ocean_disable_margins":"enable","ocean_add_body_class":"","ocean_shortcode_before_top_bar":"","ocean_shortcode_after_top_bar":"","ocean_shortcode_before_header":"","ocean_shortcode_after_header":"","ocean_has_shortcode":"","ocean_shortcode_after_title":"","ocean_shortcode_before_footer_widgets":"","ocean_shortcode_after_footer_widgets":"","ocean_shortcode_before_footer_bottom":"","ocean_shortcode_after_footer_bottom":"","ocean_display_top_bar":"default","ocean_display_header":"default","ocean_header_style":"","ocean_center_header_left_menu":"0","ocean_custom_header_template":"0","ocean_custom_logo":0,"ocean_custom_retina_logo":0,"ocean_custom_logo_max_width":0,"ocean_custom_logo_tablet_max_width":0,"ocean_custom_logo_mobile_max_width":0,"ocean_custom_logo_max_height":0,"ocean_custom_logo_tablet_max_height":0,"ocean_custom_logo_mobile_max_height":0,"ocean_header_custom_menu":"0","ocean_menu_typo_font_family":"0","ocean_menu_typo_font_subset":"","ocean_menu_typo_font_size":0,"ocean_menu_typo_font_size_tablet":0,"ocean_menu_typo_font_size_mobile":0,"ocean_menu_typo_font_size_unit":"px","ocean_menu_typo_font_weight":"","ocean_menu_typo_font_weight_tablet":"","ocean_menu_typo_font_weight_mobile":"","ocean_menu_typo_transform":"","ocean_menu_typo_transform_tablet":"","ocean_menu_typo_transform_mobile":"","ocean_menu_typo_line_height":0,"ocean_menu_typo_line_height_tablet":0,"ocean_menu_typo_line_height_mobile":0,"ocean_menu_typo_line_height_unit":"","ocean_menu_typo_spacing":0,"ocean_menu_typo_spacing_tablet":0,"ocean_menu_typo_spacing_mobile":0,"ocean_menu_typo_spacing_unit":"","ocean_menu_link_color":"","ocean_menu_link_color_hover":"","ocean_menu_link_color_active":"","ocean_menu_link_background":"","ocean_menu_link_hover_background":"","ocean_menu_link_active_background":"","ocean_menu_social_links_bg":"","ocean_menu_social_hover_links_bg":"","ocean_menu_social_links_color":"","ocean_menu_social_hover_links_color":"","ocean_disable_title":"default","ocean_disable_heading":"default","ocean_post_title":"","ocean_post_subheading":"","ocean_post_title_style":"","ocean_post_title_background_color":"","ocean_post_title_background":0,"ocean_post_title_bg_image_position":"","ocean_post_title_bg_image_attachment":"","ocean_post_title_bg_image_repeat":"","ocean_post_title_bg_image_size":"","ocean_post_title_height":0,"ocean_post_title_bg_overlay":0.5,"ocean_post_title_bg_overlay_color":"","ocean_disable_breadcrumbs":"default","ocean_breadcrumbs_color":"","ocean_breadcrumbs_separator_color":"","ocean_breadcrumbs_links_color":"","ocean_breadcrumbs_links_hover_color":"","ocean_display_footer_widgets":"default","ocean_display_footer_bottom":"default","ocean_custom_footer_template":"0"},"product_brand":[],"product_cat":[23],"product_tag":[],"class_list":{"0":"post-845","1":"product","2":"type-product","3":"status-publish","4":"has-post-thumbnail","6":"product_cat-cartes-en-tissu","7":"product_shipping_class-leger","9":"entry","10":"has-media","12":"first","13":"instock","14":"shipping-taxable","15":"purchasable","16":"product-type-simple","17":"has-product-nav","18":"col","19":"span_1_of_4","20":"owp-content-center","21":"owp-thumbs-layout-horizontal","22":"owp-btn-normal","23":"owp-tabs-layout-horizontal","24":"has-no-thumbnails"},"jetpack_sharing_enabled":true,"_links":{"self":[{"href":"https:\/\/lalalaurence.com\/index.php\/wp-json\/wp\/v2\/product\/845","targetHints":{"allow":["GET"]}}],"collection":[{"href":"https:\/\/lalalaurence.com\/index.php\/wp-json\/wp\/v2\/product"}],"about":[{"href":"https:\/\/lalalaurence.com\/index.php\/wp-json\/wp\/v2\/types\/product"}],"replies":[{"embeddable":true,"href":"https:\/\/lalalaurence.com\/index.php\/wp-json\/wp\/v2\/comments?post=845"}],"wp:featuredmedia":[{"embeddable":true,"href":"https:\/\/lalalaurence.com\/index.php\/wp-json\/wp\/v2\/media\/835"}],"wp:attachment":[{"href":"https:\/\/lalalaurence.com\/index.php\/wp-json\/wp\/v2\/media?parent=845"}],"wp:term":[{"taxonomy":"product_brand","embeddable":true,"href":"https:\/\/lalalaurence.com\/index.php\/wp-json\/wp\/v2\/product_brand?post=845"},{"taxonomy":"product_cat","embeddable":true,"href":"https:\/\/lalalaurence.com\/index.php\/wp-json\/wp\/v2\/product_cat?post=845"},{"taxonomy":"product_tag","embeddable":true,"href":"https:\/\/lalalaurence.com\/index.php\/wp-json\/wp\/v2\/product_tag?post=845"}],"curies":[{"name":"wp","href":"https:\/\/api.w.org\/{rel}","templated":true}]}}