{"id":847,"date":"2026-02-23T11:53:23","date_gmt":"2026-02-23T10:53:23","guid":{"rendered":"https:\/\/lalalaurence.com\/?post_type=product&#038;p=847"},"modified":"2026-02-23T11:56:57","modified_gmt":"2026-02-23T10:56:57","slug":"carte-de-mariage-felicitations","status":"publish","type":"product","link":"https:\/\/lalalaurence.com\/index.php\/produit\/carte-de-mariage-felicitations\/","title":{"rendered":"Carte de mariage \u00ab\u00a0F\u00e9licitations\u00a0\u00bb"},"content":{"rendered":"<ul>\n<li data-start=\"1796\" data-end=\"1848\">\n<p data-start=\"1798\" data-end=\"1848\"><strong data-start=\"1801\" data-end=\"1813\">Format :<\/strong> A6 (carte double, pli\u00e9e en deux)<\/p>\n<\/li>\n<li data-start=\"1849\" data-end=\"1899\">\n<p data-start=\"1851\" data-end=\"1899\"><strong data-start=\"1854\" data-end=\"1866\">Inclus :<\/strong> 1 carte + 1 enveloppe assortie en kraft<\/p>\n<\/li>\n<li data-start=\"1900\" data-end=\"1938\">\n<p data-start=\"1902\" data-end=\"1938\"><strong>Mat\u00e9riaux :<\/strong> carte en papier kraft, rehauss\u00e9e d&rsquo;un c\u0153ur en coton rouge<\/p>\n<\/li>\n<\/ul>\n<h2 data-start=\"1194\" data-end=\"1248\"><strong data-start=\"1197\" data-end=\"1248\">Pourquoi vous allez adorer ces cartes ?<\/strong><\/h2>\n<ul data-start=\"1249\" data-end=\"1766\">\n<li data-start=\"1249\" data-end=\"1367\">\n<p data-start=\"1251\" data-end=\"1367\"><strong data-start=\"1254\" data-end=\"1289\">Un design unique pour chaque carte<\/strong> : aucune carte n\u2019est identique, chacune est une petite cr\u00e9ation artisanale<\/p>\n<\/li>\n<li data-start=\"1249\" data-end=\"1367\">\n<p data-start=\"1251\" data-end=\"1367\"><strong data-start=\"1372\" data-end=\"1407\">Un m\u00e9lange de kraft et de tissu<\/strong> : l\u2019alliance du naturel et du textile apporte chaleur et douceur<\/p>\n<\/li>\n<li data-start=\"1476\" data-end=\"1564\">\n<p data-start=\"1478\" data-end=\"1564\"><strong data-start=\"1481\" data-end=\"1506\">Parfaites pour offrir<\/strong> : \u00e0 glisser dans une enveloppe, \u00e0 poser sur une table de r\u00e9ception ou \u00e0 joindre \u00e0 un pr\u00e9sent<\/p>\n<\/li>\n<li data-start=\"1565\" data-end=\"1658\">\n<p data-start=\"1567\" data-end=\"1658\"><strong data-start=\"1570\" data-end=\"1590\">Pr\u00eates \u00e0 envoyer<\/strong> : fournies avec une enveloppe pour exp\u00e9dier ou offrir facilement<\/p>\n<\/li>\n<li data-start=\"1659\" data-end=\"1766\">\n<p data-start=\"1661\" data-end=\"1766\"><strong data-start=\"1664\" data-end=\"1688\">Un style authentique<\/strong> : id\u00e9al pour ceux qui aiment les objets faits main, po\u00e9tiques et originaux<\/p>\n<\/li>\n<\/ul>\n","protected":false},"excerpt":{"rendered":"<p data-start=\"294\" data-end=\"517\">Ces <strong data-start=\"298\" data-end=\"336\">cartes de f\u00e9licitations de mariage<\/strong> ont \u00e9t\u00e9 pens\u00e9es pour accompagner l\u2019un des plus beaux moments d\u2019une vie. \u00c9l\u00e9gantes et d\u00e9licates, elles offrent un support chaleureux pour transmettre vos v\u0153ux de bonheur aux mari\u00e9s.<\/p>\n<p data-start=\"519\" data-end=\"763\">Cette carte apporte une petite touche d&rsquo;humour et de l\u00e9g\u00e8ret\u00e9, avec un dessin d&rsquo;un style enfantin, agr\u00e9ment\u00e9 d&rsquo;un c\u0153ur rouge en tissu, id\u00e9al pour c\u00e9l\u00e9brer l\u2019amour !<\/p>\n<p data-start=\"765\" data-end=\"963\">Parfaites pour \u00e9crire un mot personnel, accompagner un cadeau ou \u00eatre gliss\u00e9es dans une enveloppe le jour de la c\u00e9r\u00e9monie, ces cartes apportent une touche sinc\u00e8re et authentique \u00e0 vos f\u00e9licitations.<\/p>\n<p data-start=\"945\" data-end=\"1187\">La carte est accompagn\u00e9e de son enveloppe assortie.<\/p>\n","protected":false},"featured_media":832,"comment_status":"open","ping_status":"closed","template":"","meta":{"ocean_post_layout":"full-width","ocean_both_sidebars_style":"","ocean_both_sidebars_content_width":0,"ocean_both_sidebars_sidebars_width":0,"ocean_sidebar":"0","ocean_second_sidebar":"0","ocean_disable_margins":"enable","ocean_add_body_class":"","ocean_shortcode_before_top_bar":"","ocean_shortcode_after_top_bar":"","ocean_shortcode_before_header":"","ocean_shortcode_after_header":"","ocean_has_shortcode":"","ocean_shortcode_after_title":"","ocean_shortcode_before_footer_widgets":"","ocean_shortcode_after_footer_widgets":"","ocean_shortcode_before_footer_bottom":"","ocean_shortcode_after_footer_bottom":"","ocean_display_top_bar":"default","ocean_display_header":"default","ocean_header_style":"","ocean_center_header_left_menu":"0","ocean_custom_header_template":"0","ocean_custom_logo":0,"ocean_custom_retina_logo":0,"ocean_custom_logo_max_width":0,"ocean_custom_logo_tablet_max_width":0,"ocean_custom_logo_mobile_max_width":0,"ocean_custom_logo_max_height":0,"ocean_custom_logo_tablet_max_height":0,"ocean_custom_logo_mobile_max_height":0,"ocean_header_custom_menu":"0","ocean_menu_typo_font_family":"0","ocean_menu_typo_font_subset":"","ocean_menu_typo_font_size":0,"ocean_menu_typo_font_size_tablet":0,"ocean_menu_typo_font_size_mobile":0,"ocean_menu_typo_font_size_unit":"px","ocean_menu_typo_font_weight":"","ocean_menu_typo_font_weight_tablet":"","ocean_menu_typo_font_weight_mobile":"","ocean_menu_typo_transform":"","ocean_menu_typo_transform_tablet":"","ocean_menu_typo_transform_mobile":"","ocean_menu_typo_line_height":0,"ocean_menu_typo_line_height_tablet":0,"ocean_menu_typo_line_height_mobile":0,"ocean_menu_typo_line_height_unit":"","ocean_menu_typo_spacing":0,"ocean_menu_typo_spacing_tablet":0,"ocean_menu_typo_spacing_mobile":0,"ocean_menu_typo_spacing_unit":"","ocean_menu_link_color":"","ocean_menu_link_color_hover":"","ocean_menu_link_color_active":"","ocean_menu_link_background":"","ocean_menu_link_hover_background":"","ocean_menu_link_active_background":"","ocean_menu_social_links_bg":"","ocean_menu_social_hover_links_bg":"","ocean_menu_social_links_color":"","ocean_menu_social_hover_links_color":"","ocean_disable_title":"default","ocean_disable_heading":"default","ocean_post_title":"","ocean_post_subheading":"","ocean_post_title_style":"","ocean_post_title_background_color":"","ocean_post_title_background":0,"ocean_post_title_bg_image_position":"","ocean_post_title_bg_image_attachment":"","ocean_post_title_bg_image_repeat":"","ocean_post_title_bg_image_size":"","ocean_post_title_height":0,"ocean_post_title_bg_overlay":0.5,"ocean_post_title_bg_overlay_color":"","ocean_disable_breadcrumbs":"default","ocean_breadcrumbs_color":"","ocean_breadcrumbs_separator_color":"","ocean_breadcrumbs_links_color":"","ocean_breadcrumbs_links_hover_color":"","ocean_display_footer_widgets":"default","ocean_display_footer_bottom":"default","ocean_custom_footer_template":"0"},"product_brand":[],"product_cat":[23],"product_tag":[],"class_list":{"0":"post-847","1":"product","2":"type-product","3":"status-publish","4":"has-post-thumbnail","6":"product_cat-cartes-en-tissu","7":"product_shipping_class-leger","9":"entry","10":"has-media","12":"first","13":"instock","14":"shipping-taxable","15":"purchasable","16":"product-type-simple","17":"has-product-nav","18":"col","19":"span_1_of_4","20":"owp-content-center","21":"owp-thumbs-layout-horizontal","22":"owp-btn-normal","23":"owp-tabs-layout-horizontal","24":"has-no-thumbnails"},"jetpack_sharing_enabled":true,"_links":{"self":[{"href":"https:\/\/lalalaurence.com\/index.php\/wp-json\/wp\/v2\/product\/847","targetHints":{"allow":["GET"]}}],"collection":[{"href":"https:\/\/lalalaurence.com\/index.php\/wp-json\/wp\/v2\/product"}],"about":[{"href":"https:\/\/lalalaurence.com\/index.php\/wp-json\/wp\/v2\/types\/product"}],"replies":[{"embeddable":true,"href":"https:\/\/lalalaurence.com\/index.php\/wp-json\/wp\/v2\/comments?post=847"}],"wp:featuredmedia":[{"embeddable":true,"href":"https:\/\/lalalaurence.com\/index.php\/wp-json\/wp\/v2\/media\/832"}],"wp:attachment":[{"href":"https:\/\/lalalaurence.com\/index.php\/wp-json\/wp\/v2\/media?parent=847"}],"wp:term":[{"taxonomy":"product_brand","embeddable":true,"href":"https:\/\/lalalaurence.com\/index.php\/wp-json\/wp\/v2\/product_brand?post=847"},{"taxonomy":"product_cat","embeddable":true,"href":"https:\/\/lalalaurence.com\/index.php\/wp-json\/wp\/v2\/product_cat?post=847"},{"taxonomy":"product_tag","embeddable":true,"href":"https:\/\/lalalaurence.com\/index.php\/wp-json\/wp\/v2\/product_tag?post=847"}],"curies":[{"name":"wp","href":"https:\/\/api.w.org\/{rel}","templated":true}]}}